{"id":1148,"date":"2016-12-06T11:22:41","date_gmt":"2016-12-06T11:22:41","guid":{"rendered":"http:\/\/skyprint.ee\/teenused\/"},"modified":"2018-08-22T15:22:19","modified_gmt":"2018-08-22T15:22:19","slug":"teenused","status":"publish","type":"page","link":"https:\/\/skyprint.ee\/ru\/teenused\/","title":{"rendered":"\u0423\u0441\u043b\u0443\u0433\u0438"},"content":{"rendered":"<p>[vc_row full_width=&#187;stretch_row_content_no_spaces&#187;][vc_column]<div class=\"sc_services sc_services_hover\" data-slides-per-view=\"3\" data-slides-min-width=\"200\"\t\t>\n\t\t<div class=\"sc_services_columns sc_item_columns sc_item_columns_3 trx_addons_columns_wrap\"><div class=\"trx_addons_column-1_3 \"><div class=\"sc_services_item with_content with_image\">\t\t\t<div class=\"sc_services_item_content\" style=\"background-image: url(https:\/\/skyprint.ee\/wp-content\/uploads\/2018\/08\/skyprint2-4-740x416.jpg);\">\n\t\t\t<div class=\"sc_services_item_content_inner\">\n\t\t\t\t<h3 class=\"sc_services_item_title\"><a href=\"https:\/\/skyprint.ee\/ru\/services\/roll-up\/\">Roll up<\/a><\/h3>\n\t\t\t\t<!--<div class=\"sc_services_item_subtitle\"><a href=\"https:\/\/skyprint.ee\/ru\/services_group\/services-ru\/\" title=\"View all posts in Services ru\">Services ru<\/a><\/div>-->\n\t\t\t\t<div class=\"sc_services_item_text\"><p>\u041f\u043e\u043b\u0443\u0447\u0438 \u043f\u0440\u0435\u0434\u043b\u043e\u0436\u0435\u043d\u0438\u0435<\/p>\n<\/div>\n\t\t\t\t<div class=\"sc_services_item_link sc_item_button\">\n\t\t\t\t\t<a class=\"sc_button_white sc_button_hover_slide_left\" href=\"https:\/\/skyprint.ee\/ru\/services\/roll-up\/\">\u0427\u0438\u0442\u0430\u0442\u044c<\/a>\n\t\t\t\t<\/div>\n\t\t\t<\/div>\t\t\t\n\t\t<\/div>\n\t<\/div>\n<\/div><div class=\"trx_addons_column-1_3 \"><div class=\"sc_services_item with_content with_image\">\t\t\t<div class=\"sc_services_item_content\" style=\"background-image: url(https:\/\/skyprint.ee\/wp-content\/uploads\/2018\/08\/skyprint2-6-740x416.jpg);\">\n\t\t\t<div class=\"sc_services_item_content_inner\">\n\t\t\t\t<h3 class=\"sc_services_item_title\"><a href=\"https:\/\/skyprint.ee\/ru\/services\/uv-trukk\/\">UV \u043f\u0435\u0447\u0430\u0442\u044c<\/a><\/h3>\n\t\t\t\t<!--<div class=\"sc_services_item_subtitle\"><a href=\"https:\/\/skyprint.ee\/ru\/services_group\/services-ru\/\" title=\"View all posts in Services ru\">Services ru<\/a><\/div>-->\n\t\t\t\t<div class=\"sc_services_item_text\"><p>\u041f\u043e\u043b\u0443\u0447\u0438 \u043f\u0440\u0435\u0434\u043b\u043e\u0436\u0435\u043d\u0438\u0435<\/p>\n<\/div>\n\t\t\t\t<div class=\"sc_services_item_link sc_item_button\">\n\t\t\t\t\t<a class=\"sc_button_white sc_button_hover_slide_left\" href=\"https:\/\/skyprint.ee\/ru\/services\/uv-trukk\/\">\u0427\u0438\u0442\u0430\u0442\u044c<\/a>\n\t\t\t\t<\/div>\n\t\t\t<\/div>\t\t\t\n\t\t<\/div>\n\t<\/div>\n<\/div><div class=\"trx_addons_column-1_3 \"><div class=\"sc_services_item with_content with_image\">\t\t\t<div class=\"sc_services_item_content\" style=\"background-image: url(https:\/\/skyprint.ee\/wp-content\/uploads\/2018\/08\/skyprint1-2-740x416.jpg);\">\n\t\t\t<div class=\"sc_services_item_content_inner\">\n\t\t\t\t<h3 class=\"sc_services_item_title\"><a href=\"https:\/\/skyprint.ee\/ru\/services\/bannerid\/\">\u0411\u0430\u043d\u043d\u0435\u0440\u044b<\/a><\/h3>\n\t\t\t\t<!--<div class=\"sc_services_item_subtitle\"><a href=\"https:\/\/skyprint.ee\/ru\/services_group\/services-ru\/\" title=\"View all posts in Services ru\">Services ru<\/a><\/div>-->\n\t\t\t\t<div class=\"sc_services_item_text\"><p>\u0426\u0435\u043d\u044b \u043e\u0442 9.- \u0435\u0432\u0440\u043e \u043c2<\/p>\n<\/div>\n\t\t\t\t<div class=\"sc_services_item_link sc_item_button\">\n\t\t\t\t\t<a class=\"sc_button_white sc_button_hover_slide_left\" href=\"https:\/\/skyprint.ee\/ru\/services\/bannerid\/\">\u0427\u0438\u0442\u0430\u0442\u044c<\/a>\n\t\t\t\t<\/div>\n\t\t\t<\/div>\t\t\t\n\t\t<\/div>\n\t<\/div>\n<\/div><div class=\"trx_addons_column-1_3 \"><div class=\"sc_services_item with_content with_image\">\t\t\t<div class=\"sc_services_item_content\" style=\"background-image: url(https:\/\/skyprint.ee\/wp-content\/uploads\/2018\/08\/skyprint6-4-740x416.jpg);\">\n\t\t\t<div class=\"sc_services_item_content_inner\">\n\t\t\t\t<h3 class=\"sc_services_item_title\"><a href=\"https:\/\/skyprint.ee\/ru\/services\/sildid\/\">\u0412\u044b\u0432\u0435\u0441\u043a\u0438<\/a><\/h3>\n\t\t\t\t<!--<div class=\"sc_services_item_subtitle\"><a href=\"https:\/\/skyprint.ee\/ru\/services_group\/services-ru\/\" title=\"View all posts in Services ru\">Services ru<\/a><\/div>-->\n\t\t\t\t<div class=\"sc_services_item_text\"><p>\u041f\u043e\u043b\u0443\u0447\u0438 \u043f\u0440\u0435\u0434\u043b\u043e\u0436\u0435\u043d\u0438\u0435<\/p>\n<\/div>\n\t\t\t\t<div class=\"sc_services_item_link sc_item_button\">\n\t\t\t\t\t<a class=\"sc_button_white sc_button_hover_slide_left\" href=\"https:\/\/skyprint.ee\/ru\/services\/sildid\/\">\u0427\u0438\u0442\u0430\u0442\u044c<\/a>\n\t\t\t\t<\/div>\n\t\t\t<\/div>\t\t\t\n\t\t<\/div>\n\t<\/div>\n<\/div><div class=\"trx_addons_column-1_3 \"><div class=\"sc_services_item with_content with_image\">\t\t\t<div class=\"sc_services_item_content\" style=\"background-image: url(https:\/\/skyprint.ee\/wp-content\/uploads\/2018\/08\/skyprint1-3-740x416.jpg);\">\n\t\t\t<div class=\"sc_services_item_content_inner\">\n\t\t\t\t<h3 class=\"sc_services_item_title\"><a href=\"https:\/\/skyprint.ee\/ru\/services\/magnet\/\">\u041c\u0430\u0433\u043d\u0438\u0442<\/a><\/h3>\n\t\t\t\t<!--<div class=\"sc_services_item_subtitle\"><a href=\"https:\/\/skyprint.ee\/ru\/services_group\/services-ru\/\" title=\"View all posts in Services ru\">Services ru<\/a><\/div>-->\n\t\t\t\t<div class=\"sc_services_item_text\"><p>\u041f\u043e\u043b\u0443\u0447\u0438 \u043f\u0440\u0435\u0434\u043b\u043e\u0436\u0435\u043d\u0438\u0435<\/p>\n<\/div>\n\t\t\t\t<div class=\"sc_services_item_link sc_item_button\">\n\t\t\t\t\t<a class=\"sc_button_white sc_button_hover_slide_left\" href=\"https:\/\/skyprint.ee\/ru\/services\/magnet\/\">\u0427\u0438\u0442\u0430\u0442\u044c<\/a>\n\t\t\t\t<\/div>\n\t\t\t<\/div>\t\t\t\n\t\t<\/div>\n\t<\/div>\n<\/div><div class=\"trx_addons_column-1_3 \"><div class=\"sc_services_item with_content with_image\">\t\t\t<div class=\"sc_services_item_content\" style=\"background-image: url(https:\/\/skyprint.ee\/wp-content\/uploads\/2018\/08\/skyprint32-740x416.jpg);\">\n\t\t\t<div class=\"sc_services_item_content_inner\">\n\t\t\t\t<h3 class=\"sc_services_item_title\"><a href=\"https:\/\/skyprint.ee\/ru\/services\/autokleebised-kleebised\/\">\u041d\u0430\u043a\u043b\u0435\u0439\u043a\u0438 \u043d\u0430 \u0430\u0432\u0442\u043e, \u043d\u0430\u043a\u043b\u0435\u0439\u043a\u0438<\/a><\/h3>\n\t\t\t\t<!--<div class=\"sc_services_item_subtitle\"><a href=\"https:\/\/skyprint.ee\/ru\/services_group\/services-ru\/\" title=\"View all posts in Services ru\">Services ru<\/a><\/div>-->\n\t\t\t\t<div class=\"sc_services_item_text\"><p>\u0426\u0435\u043d\u0430 \u043e\u0442 22.- \u0435\u0432\u0440\u043e \u043c2<\/p>\n<\/div>\n\t\t\t\t<div class=\"sc_services_item_link sc_item_button\">\n\t\t\t\t\t<a class=\"sc_button_white sc_button_hover_slide_left\" href=\"https:\/\/skyprint.ee\/ru\/services\/autokleebised-kleebised\/\">\u0427\u0438\u0442\u0430\u0442\u044c<\/a>\n\t\t\t\t<\/div>\n\t\t\t<\/div>\t\t\t\n\t\t<\/div>\n\t<\/div>\n<\/div><div class=\"trx_addons_column-1_3 \"><div class=\"sc_services_item with_content with_image\">\t\t\t<div class=\"sc_services_item_content\" style=\"background-image: url(https:\/\/skyprint.ee\/wp-content\/uploads\/2018\/08\/skyprint1-740x416.jpg);\">\n\t\t\t<div class=\"sc_services_item_content_inner\">\n\t\t\t\t<h3 class=\"sc_services_item_title\"><a href=\"https:\/\/skyprint.ee\/ru\/services\/aknakleebised\/\">\u041d\u0430\u043a\u043b\u0435\u0439\u043a\u0438 \u043d\u0430 \u043e\u043a\u043d\u0430<\/a><\/h3>\n\t\t\t\t<!--<div class=\"sc_services_item_subtitle\"><a href=\"https:\/\/skyprint.ee\/ru\/services_group\/services-ru\/\" title=\"View all posts in Services ru\">Services ru<\/a><\/div>-->\n\t\t\t\t<div class=\"sc_services_item_text\"><p>\u0426\u0435\u043d\u0430 \u043e\u0442 12.- \u0435\u0432\u0440\u043e \u043c2<\/p>\n<\/div>\n\t\t\t\t<div class=\"sc_services_item_link sc_item_button\">\n\t\t\t\t\t<a class=\"sc_button_white sc_button_hover_slide_left\" href=\"https:\/\/skyprint.ee\/ru\/services\/aknakleebised\/\">\u0427\u0438\u0442\u0430\u0442\u044c<\/a>\n\t\t\t\t<\/div>\n\t\t\t<\/div>\t\t\t\n\t\t<\/div>\n\t<\/div>\n<\/div><div class=\"trx_addons_column-1_3 \"><div class=\"sc_services_item with_content with_image\">\t\t\t<div class=\"sc_services_item_content\" style=\"background-image: url(https:\/\/skyprint.ee\/wp-content\/uploads\/2018\/08\/skyprint1-4-740x416.jpg);\">\n\t\t\t<div class=\"sc_services_item_content_inner\">\n\t\t\t\t<h3 class=\"sc_services_item_title\"><a href=\"https:\/\/skyprint.ee\/ru\/services\/mahulised-logod\/\">\u041e\u0431\u044a\u0435\u043c\u043d\u044b\u0435 \u043b\u043e\u0433\u043e\u0442\u0438\u043f\u044b<\/a><\/h3>\n\t\t\t\t<!--<div class=\"sc_services_item_subtitle\"><a href=\"https:\/\/skyprint.ee\/ru\/services_group\/services-ru\/\" title=\"View all posts in Services ru\">Services ru<\/a><\/div>-->\n\t\t\t\t<div class=\"sc_services_item_text\"><p>\u041f\u043e\u043b\u0443\u0447\u0438 \u043f\u0440\u0435\u0434\u043b\u043e\u0436\u0435\u043d\u0438\u0435<\/p>\n<\/div>\n\t\t\t\t<div class=\"sc_services_item_link sc_item_button\">\n\t\t\t\t\t<a class=\"sc_button_white sc_button_hover_slide_left\" href=\"https:\/\/skyprint.ee\/ru\/services\/mahulised-logod\/\">\u0427\u0438\u0442\u0430\u0442\u044c<\/a>\n\t\t\t\t<\/div>\n\t\t\t<\/div>\t\t\t\n\t\t<\/div>\n\t<\/div>\n<\/div><div class=\"trx_addons_column-1_3 \"><div class=\"sc_services_item with_content with_image\">\t\t\t<div class=\"sc_services_item_content\" style=\"background-image: url(https:\/\/skyprint.ee\/wp-content\/uploads\/2018\/08\/skyprint10-3-740x416.jpg);\">\n\t\t\t<div class=\"sc_services_item_content_inner\">\n\t\t\t\t<h3 class=\"sc_services_item_title\"><a href=\"https:\/\/skyprint.ee\/ru\/services\/valgusreklaam\/\">\u0421\u0432\u0435\u0442\u043e\u0432\u0430\u044f \u0440\u0435\u043a\u043b\u0430\u043c\u0430<\/a><\/h3>\n\t\t\t\t<!--<div class=\"sc_services_item_subtitle\"><a href=\"https:\/\/skyprint.ee\/ru\/services_group\/services-ru\/\" title=\"View all posts in Services ru\">Services ru<\/a><\/div>-->\n\t\t\t\t<div class=\"sc_services_item_text\"><p>\u041f\u043e\u043b\u0443\u0447\u0438 \u043f\u0440\u0435\u0434\u043b\u043e\u0436\u0435\u043d\u0438\u0435<\/p>\n<\/div>\n\t\t\t\t<div class=\"sc_services_item_link sc_item_button\">\n\t\t\t\t\t<a class=\"sc_button_white sc_button_hover_slide_left\" href=\"https:\/\/skyprint.ee\/ru\/services\/valgusreklaam\/\">\u0427\u0438\u0442\u0430\u0442\u044c<\/a>\n\t\t\t\t<\/div>\n\t\t\t<\/div>\t\t\t\n\t\t<\/div>\n\t<\/div>\n<\/div><\/div><\/div><!-- \/.sc_services -->[\/vc_column][\/vc_row][vc_row full_width=&#187;stretch_row_content&#187; css=&#187;.vc_custom_1533899971808{padding-top: 80px !important;padding-right: 50px !important;padding-bottom: 40px !important;padding-left: 50px !important;}&#187;][vc_column width=&#187;1\/3&#8243;][vc_column_text]<\/p>\n<h5><strong>\ufffc\ufffcLAIAFORMAADILINE DIGITAALTR\u00dcKK<\/strong><br \/>\n<strong>ETTEVALMISTUS, KUJUNDUS JA PAIGALDUS<\/strong><\/h5>\n<p>[\/vc_column_text][\/vc_column][vc_column width=&#187;1\/3&#8243;][vc_column_text]<\/p>\n<h5><strong>UV OTSETR\u00dcKK ERINEVATELE MATERIALIDELE<\/strong><br \/>\n<strong>FOTOTAPEEDID, K\u00d6\u00d6GISEINAD<\/strong><\/h5>\n<p>[\/vc_column_text][\/vc_column][vc_column width=&#187;1\/3&#8243;][vc_column_text]<\/p>\n<h5><strong>DETAILIDE FREESIMINE CNC PINGIL<\/strong><br \/>\n<strong>PVC BANNERID, VISIITKAARDID, BUKLETID, FLAIERID<\/strong><\/h5>\n<p>[\/vc_column_text][\/vc_column][\/vc_row][vc_row full_width=&#187;stretch_row_content&#187; css=&#187;.vc_custom_1533899975745{padding-right: 50px !important;padding-bottom: 40px !important;padding-left: 50px !important;}&#187;][vc_column width=&#187;1\/3&#8243;][vc_column_text]<\/p>\n<h5><strong>KLEEBISED PABERILE, KANGALE. ERINEVAD SILDID.<\/strong><br \/>\n<strong>VALGUSKASTID, VALGUST\u00c4HED<\/strong><\/h5>\n<p>[\/vc_column_text][\/vc_column][vc_column width=&#187;1\/3&#8243;][vc_column_text]<\/p>\n<h5><strong>AUTODE \u00dcLENI KILETAMINE (full wrap)<\/strong><br \/>\n<strong>ROLL-UP, POP-UP SEINAD<\/strong><\/h5>\n<p>[\/vc_column_text][\/vc_column][vc_column width=&#187;1\/3&#8243;][vc_column_text]<\/p>\n<h5><strong>METALLKONSTRUKTSIOONID<\/strong><br \/>\n<strong>REBOARD-IST STENDIDE VALMISTAMINE<\/strong><br \/>\n<strong>LAINEPAPPIST ERIL\u00d5IKUS<\/strong><\/h5>\n<p>[\/vc_column_text][\/vc_column][\/vc_row][vc_row full_width=&#187;stretch_row_content&#187; css=&#187;.vc_custom_1533896996669{background-color: #ffffff !important;}&#187;][vc_column][vc_empty_space height=&#187;4em&#187; alter_height=&#187;none&#187; hide_on_mobile=&#187;&#187;][vc_column_text el_class=&#187;brands&#187;]<\/p>\n<div id='gallery-1' class='gallery galleryid-1119 gallery-columns-8 gallery-size-medium'><figure class='gallery-item'>\n\t\t\t<div class='gallery-icon landscape'>\n\t\t\t\t<img width=\"140\" height=\"70\" src=\"https:\/\/skyprint.ee\/wp-content\/uploads\/2018\/08\/minorexlogo.jpg\" class=\"attachment-medium size-medium\" alt=\"\" loading=\"lazy\" \/>\n\t\t\t<\/div><\/figure><figure class='gallery-item'>\n\t\t\t<div class='gallery-icon landscape'>\n\t\t\t\t<img width=\"140\" height=\"70\" src=\"https:\/\/skyprint.ee\/wp-content\/uploads\/2018\/08\/uksedlogo.jpg\" class=\"attachment-medium size-medium\" alt=\"\" loading=\"lazy\" \/>\n\t\t\t<\/div><\/figure><figure class='gallery-item'>\n\t\t\t<div class='gallery-icon landscape'>\n\t\t\t\t<img width=\"150\" height=\"75\" src=\"https:\/\/skyprint.ee\/wp-content\/uploads\/2018\/08\/jupiter-1.png\" class=\"attachment-medium size-medium\" alt=\"\" loading=\"lazy\" \/>\n\t\t\t<\/div><\/figure><figure class='gallery-item'>\n\t\t\t<div class='gallery-icon landscape'>\n\t\t\t\t<img width=\"140\" height=\"70\" src=\"https:\/\/skyprint.ee\/wp-content\/uploads\/2018\/08\/vitaehituslogo.jpg\" class=\"attachment-medium size-medium\" alt=\"\" loading=\"lazy\" \/>\n\t\t\t<\/div><\/figure><figure class='gallery-item'>\n\t\t\t<div class='gallery-icon landscape'>\n\t\t\t\t<img width=\"140\" height=\"70\" src=\"https:\/\/skyprint.ee\/wp-content\/uploads\/2018\/08\/EliitEhitus-1.jpg\" class=\"attachment-medium size-medium\" alt=\"\" loading=\"lazy\" \/>\n\t\t\t<\/div><\/figure><figure class='gallery-item'>\n\t\t\t<div class='gallery-icon landscape'>\n\t\t\t\t<img width=\"120\" height=\"60\" src=\"https:\/\/skyprint.ee\/wp-content\/uploads\/2018\/08\/2-1-e1486056733920.png\" class=\"attachment-medium size-medium\" alt=\"\" loading=\"lazy\" \/>\n\t\t\t<\/div><\/figure><figure class='gallery-item'>\n\t\t\t<div class='gallery-icon landscape'>\n\t\t\t\t<img width=\"140\" height=\"70\" src=\"https:\/\/skyprint.ee\/wp-content\/uploads\/2018\/08\/5.png\" class=\"attachment-medium size-medium\" alt=\"\" loading=\"lazy\" \/>\n\t\t\t<\/div><\/figure><figure class='gallery-item'>\n\t\t\t<div class='gallery-icon landscape'>\n\t\t\t\t<img width=\"160\" height=\"63\" src=\"https:\/\/skyprint.ee\/wp-content\/uploads\/2018\/08\/decardo-1.png\" class=\"attachment-medium size-medium\" alt=\"\" loading=\"lazy\" \/>\n\t\t\t<\/div><\/figure>\n\t\t<\/div>\n\n<p>[\/vc_column_text][vc_empty_space height=&#187;4em&#187; alter_height=&#187;none&#187; hide_on_mobile=&#187;&#187;][\/vc_column][\/vc_row]<\/p>\n","protected":false},"excerpt":{"rendered":"<p>[vc_row full_width=&#187;stretch_row_content_no_spaces&#187;][vc_column][\/vc_column][\/vc_row][vc_row full_width=&#187;stretch_row_content&#187; css=&#187;.vc_custom_1533899971808{padding-top: 80px !important;padding-right: 50px !important;padding-bottom: 40px !important;padding-left: 50px !important;}&#187;][vc_column width=&#187;1\/3&#8243;][vc_column_text] \ufffc\ufffcLAIAFORMAADILINE DIGITAALTR\u00dcKK ETTEVALMISTUS, KUJUNDUS JA PAIGALDUS [\/vc_column_text][\/vc_column][vc_column width=&#187;1\/3&#8243;][vc_column_text] UV OTSETR\u00dcKK ERINEVATELE MATERIALIDELE FOTOTAPEEDID, K\u00d6\u00d6GISEINAD [\/vc_column_text][\/vc_column][vc_column width=&#187;1\/3&#8243;][vc_column_text] DETAILIDE FREESIMINE CNC PINGIL PVC BANNERID, VISIITKAARDID, BUKLETID, FLAIERID [\/vc_column_text][\/vc_column][\/vc_row][vc_row full_width=&#187;stretch_row_content&#187; css=&#187;.vc_custom_1533899975745{padding-right: 50px !important;padding-bottom: 40px !important;padding-left: 50px !important;}&#187;][vc_column width=&#187;1\/3&#8243;][vc_column_text] KLEEBISED PABERILE, KANGALE. ERINEVAD SILDID. VALGUSKASTID, VALGUST\u00c4HED [\/vc_column_text][\/vc_column][vc_column width=&#187;1\/3&#8243;][vc_column_text] AUTODE \u00dcLENI KILETAMINE&hellip;<\/p>\n","protected":false},"author":1,"featured_media":0,"parent":0,"menu_order":0,"comment_status":"closed","ping_status":"closed","template":"","meta":[],"_links":{"self":[{"href":"https:\/\/skyprint.ee\/ru\/wp-json\/wp\/v2\/pages\/1148"}],"collection":[{"href":"https:\/\/skyprint.ee\/ru\/wp-json\/wp\/v2\/pages"}],"about":[{"href":"https:\/\/skyprint.ee\/ru\/wp-json\/wp\/v2\/types\/page"}],"author":[{"embeddable":true,"href":"https:\/\/skyprint.ee\/ru\/wp-json\/wp\/v2\/users\/1"}],"replies":[{"embeddable":true,"href":"https:\/\/skyprint.ee\/ru\/wp-json\/wp\/v2\/comments?post=1148"}],"version-history":[{"count":3,"href":"https:\/\/skyprint.ee\/ru\/wp-json\/wp\/v2\/pages\/1148\/revisions"}],"predecessor-version":[{"id":1348,"href":"https:\/\/skyprint.ee\/ru\/wp-json\/wp\/v2\/pages\/1148\/revisions\/1348"}],"wp:attachment":[{"href":"https:\/\/skyprint.ee\/ru\/wp-json\/wp\/v2\/media?parent=1148"}],"curies":[{"name":"wp","href":"https:\/\/api.w.org\/{rel}","templated":true}]}}