{"id":1291,"date":"2016-12-06T11:22:41","date_gmt":"2016-12-06T11:22:41","guid":{"rendered":"http:\/\/skyprint.ee\/teenused\/"},"modified":"2019-01-10T11:01:47","modified_gmt":"2019-01-10T11:01:47","slug":"teenused","status":"publish","type":"page","link":"https:\/\/skyprint.ee\/fi\/teenused\/","title":{"rendered":"Palvelut"},"content":{"rendered":"<p>[vc_row full_width=&#8221;stretch_row_content_no_spaces&#8221;][vc_column]<div class=\"sc_services sc_services_hover\" data-slides-per-view=\"3\" data-slides-min-width=\"200\"\t\t>\n\t\t<div class=\"sc_services_columns sc_item_columns sc_item_columns_3 trx_addons_columns_wrap\"><div class=\"trx_addons_column-1_3 \"><div class=\"sc_services_item with_content with_image\">\t\t\t<div class=\"sc_services_item_content\" style=\"background-image: url(https:\/\/skyprint.ee\/wp-content\/uploads\/2018\/08\/skyprint1-4-740x416.jpg);\">\n\t\t\t<div class=\"sc_services_item_content_inner\">\n\t\t\t\t<h3 class=\"sc_services_item_title\"><a href=\"https:\/\/skyprint.ee\/fi\/services\/mahulised-logod\/\">3D-logot<\/a><\/h3>\n\t\t\t\t<!--<div class=\"sc_services_item_subtitle\"><a href=\"https:\/\/skyprint.ee\/fi\/services_group\/servicer-fi\/\" title=\"View all posts in Servicer fi\">Servicer fi<\/a><\/div>-->\n\t\t\t\t<div class=\"sc_services_item_text\"><p>Hanki tarjous<\/p>\n<\/div>\n\t\t\t\t<div class=\"sc_services_item_link sc_item_button\">\n\t\t\t\t\t<a class=\"sc_button_white sc_button_hover_slide_left\" href=\"https:\/\/skyprint.ee\/fi\/services\/mahulised-logod\/\">More info<\/a>\n\t\t\t\t<\/div>\n\t\t\t<\/div>\t\t\t\n\t\t<\/div>\n\t<\/div>\n<\/div><div class=\"trx_addons_column-1_3 \"><div class=\"sc_services_item with_content with_image\">\t\t\t<div class=\"sc_services_item_content\" style=\"background-image: url(https:\/\/skyprint.ee\/wp-content\/uploads\/2018\/08\/skyprint1-2-740x416.jpg);\">\n\t\t\t<div class=\"sc_services_item_content_inner\">\n\t\t\t\t<h3 class=\"sc_services_item_title\"><a href=\"https:\/\/skyprint.ee\/fi\/services\/bannerid\/\">Bannerit<\/a><\/h3>\n\t\t\t\t<!--<div class=\"sc_services_item_subtitle\"><a href=\"https:\/\/skyprint.ee\/fi\/services_group\/servicer-fi\/\" title=\"View all posts in Servicer fi\">Servicer fi<\/a><\/div>-->\n\t\t\t\t<div class=\"sc_services_item_text\"><p>Hinnat alkaen 9.- Euro m2<\/p>\n<\/div>\n\t\t\t\t<div class=\"sc_services_item_link sc_item_button\">\n\t\t\t\t\t<a class=\"sc_button_white sc_button_hover_slide_left\" href=\"https:\/\/skyprint.ee\/fi\/services\/bannerid\/\">More info<\/a>\n\t\t\t\t<\/div>\n\t\t\t<\/div>\t\t\t\n\t\t<\/div>\n\t<\/div>\n<\/div><div class=\"trx_addons_column-1_3 \"><div class=\"sc_services_item with_content with_image\">\t\t\t<div class=\"sc_services_item_content\" style=\"background-image: url(https:\/\/skyprint.ee\/wp-content\/uploads\/2018\/08\/skyprint1-740x416.jpg);\">\n\t\t\t<div class=\"sc_services_item_content_inner\">\n\t\t\t\t<h3 class=\"sc_services_item_title\"><a href=\"https:\/\/skyprint.ee\/fi\/services\/aknakleebised\/\">Ikkuna-tarrat<\/a><\/h3>\n\t\t\t\t<!--<div class=\"sc_services_item_subtitle\"><a href=\"https:\/\/skyprint.ee\/fi\/services_group\/servicer-fi\/\" title=\"View all posts in Servicer fi\">Servicer fi<\/a><\/div>-->\n\t\t\t\t<div class=\"sc_services_item_text\"><p>Hinta alkaen 12.- Euro m2<\/p>\n<\/div>\n\t\t\t\t<div class=\"sc_services_item_link sc_item_button\">\n\t\t\t\t\t<a class=\"sc_button_white sc_button_hover_slide_left\" href=\"https:\/\/skyprint.ee\/fi\/services\/aknakleebised\/\">More info<\/a>\n\t\t\t\t<\/div>\n\t\t\t<\/div>\t\t\t\n\t\t<\/div>\n\t<\/div>\n<\/div><div class=\"trx_addons_column-1_3 \"><div class=\"sc_services_item with_content with_image\">\t\t\t<div class=\"sc_services_item_content\" style=\"background-image: url(https:\/\/skyprint.ee\/wp-content\/uploads\/2018\/08\/skyprint1-3-740x416.jpg);\">\n\t\t\t<div class=\"sc_services_item_content_inner\">\n\t\t\t\t<h3 class=\"sc_services_item_title\"><a href=\"https:\/\/skyprint.ee\/fi\/services\/magnet\/\">Magneetti<\/a><\/h3>\n\t\t\t\t<!--<div class=\"sc_services_item_subtitle\"><a href=\"https:\/\/skyprint.ee\/fi\/services_group\/servicer-fi\/\" title=\"View all posts in Servicer fi\">Servicer fi<\/a><\/div>-->\n\t\t\t\t<div class=\"sc_services_item_text\"><p>Hanki tarjous<\/p>\n<\/div>\n\t\t\t\t<div class=\"sc_services_item_link sc_item_button\">\n\t\t\t\t\t<a class=\"sc_button_white sc_button_hover_slide_left\" href=\"https:\/\/skyprint.ee\/fi\/services\/magnet\/\">More info<\/a>\n\t\t\t\t<\/div>\n\t\t\t<\/div>\t\t\t\n\t\t<\/div>\n\t<\/div>\n<\/div><div class=\"trx_addons_column-1_3 \"><div class=\"sc_services_item with_content with_image\">\t\t\t<div class=\"sc_services_item_content\" style=\"background-image: url(https:\/\/skyprint.ee\/wp-content\/uploads\/2018\/08\/skyprint6-4-740x416.jpg);\">\n\t\t\t<div class=\"sc_services_item_content_inner\">\n\t\t\t\t<h3 class=\"sc_services_item_title\"><a href=\"https:\/\/skyprint.ee\/fi\/services\/sildid\/\">opasteet<\/a><\/h3>\n\t\t\t\t<!--<div class=\"sc_services_item_subtitle\"><a href=\"https:\/\/skyprint.ee\/fi\/services_group\/servicer-fi\/\" title=\"View all posts in Servicer fi\">Servicer fi<\/a><\/div>-->\n\t\t\t\t<div class=\"sc_services_item_text\"><p>Hanki tarjous<\/p>\n<\/div>\n\t\t\t\t<div class=\"sc_services_item_link sc_item_button\">\n\t\t\t\t\t<a class=\"sc_button_white sc_button_hover_slide_left\" href=\"https:\/\/skyprint.ee\/fi\/services\/sildid\/\">More info<\/a>\n\t\t\t\t<\/div>\n\t\t\t<\/div>\t\t\t\n\t\t<\/div>\n\t<\/div>\n<\/div><div class=\"trx_addons_column-1_3 \"><div class=\"sc_services_item with_content with_image\">\t\t\t<div class=\"sc_services_item_content\" style=\"background-image: url(https:\/\/skyprint.ee\/wp-content\/uploads\/2018\/08\/skyprint2-4-740x416.jpg);\">\n\t\t\t<div class=\"sc_services_item_content_inner\">\n\t\t\t\t<h3 class=\"sc_services_item_title\"><a href=\"https:\/\/skyprint.ee\/fi\/services\/roll-up\/\">Rullaa yl\u00f6s<\/a><\/h3>\n\t\t\t\t<!--<div class=\"sc_services_item_subtitle\"><a href=\"https:\/\/skyprint.ee\/fi\/services_group\/servicer-fi\/\" title=\"View all posts in Servicer fi\">Servicer fi<\/a><\/div>-->\n\t\t\t\t<div class=\"sc_services_item_text\"><p>Hanki tarjous<\/p>\n<\/div>\n\t\t\t\t<div class=\"sc_services_item_link sc_item_button\">\n\t\t\t\t\t<a class=\"sc_button_white sc_button_hover_slide_left\" href=\"https:\/\/skyprint.ee\/fi\/services\/roll-up\/\">More info<\/a>\n\t\t\t\t<\/div>\n\t\t\t<\/div>\t\t\t\n\t\t<\/div>\n\t<\/div>\n<\/div><div class=\"trx_addons_column-1_3 \"><div class=\"sc_services_item with_content with_image\">\t\t\t<div class=\"sc_services_item_content\" style=\"background-image: url(https:\/\/skyprint.ee\/wp-content\/uploads\/2018\/08\/skyprint32-740x416.jpg);\">\n\t\t\t<div class=\"sc_services_item_content_inner\">\n\t\t\t\t<h3 class=\"sc_services_item_title\"><a href=\"https:\/\/skyprint.ee\/fi\/services\/autokleebised-kleebised\/\">Tarroja autoihin, tarroihin<\/a><\/h3>\n\t\t\t\t<!--<div class=\"sc_services_item_subtitle\"><a href=\"https:\/\/skyprint.ee\/fi\/services_group\/servicer-fi\/\" title=\"View all posts in Servicer fi\">Servicer fi<\/a><\/div>-->\n\t\t\t\t<div class=\"sc_services_item_text\"><p>Hinta alkaen 22.- Euro m2<\/p>\n<\/div>\n\t\t\t\t<div class=\"sc_services_item_link sc_item_button\">\n\t\t\t\t\t<a class=\"sc_button_white sc_button_hover_slide_left\" href=\"https:\/\/skyprint.ee\/fi\/services\/autokleebised-kleebised\/\">More info<\/a>\n\t\t\t\t<\/div>\n\t\t\t<\/div>\t\t\t\n\t\t<\/div>\n\t<\/div>\n<\/div><div class=\"trx_addons_column-1_3 \"><div class=\"sc_services_item with_content with_image\">\t\t\t<div class=\"sc_services_item_content\" style=\"background-image: url(https:\/\/skyprint.ee\/wp-content\/uploads\/2018\/08\/skyprint2-6-740x416.jpg);\">\n\t\t\t<div class=\"sc_services_item_content_inner\">\n\t\t\t\t<h3 class=\"sc_services_item_title\"><a href=\"https:\/\/skyprint.ee\/fi\/services\/uv-trukk\/\">UV-leima<\/a><\/h3>\n\t\t\t\t<!--<div class=\"sc_services_item_subtitle\"><a href=\"https:\/\/skyprint.ee\/fi\/services_group\/servicer-fi\/\" title=\"View all posts in Servicer fi\">Servicer fi<\/a><\/div>-->\n\t\t\t\t<div class=\"sc_services_item_text\"><p>Hanki tarjous<\/p>\n<\/div>\n\t\t\t\t<div class=\"sc_services_item_link sc_item_button\">\n\t\t\t\t\t<a class=\"sc_button_white sc_button_hover_slide_left\" href=\"https:\/\/skyprint.ee\/fi\/services\/uv-trukk\/\">More info<\/a>\n\t\t\t\t<\/div>\n\t\t\t<\/div>\t\t\t\n\t\t<\/div>\n\t<\/div>\n<\/div><div class=\"trx_addons_column-1_3 \"><div class=\"sc_services_item with_content with_image\">\t\t\t<div class=\"sc_services_item_content\" style=\"background-image: url(https:\/\/skyprint.ee\/wp-content\/uploads\/2018\/08\/skyprint10-3-740x416.jpg);\">\n\t\t\t<div class=\"sc_services_item_content_inner\">\n\t\t\t\t<h3 class=\"sc_services_item_title\"><a href=\"https:\/\/skyprint.ee\/fi\/services\/valgusreklaam\/\">Valaistu mainonta<\/a><\/h3>\n\t\t\t\t<!--<div class=\"sc_services_item_subtitle\"><a href=\"https:\/\/skyprint.ee\/fi\/services_group\/servicer-fi\/\" title=\"View all posts in Servicer fi\">Servicer fi<\/a><\/div>-->\n\t\t\t\t<div class=\"sc_services_item_text\"><p>Hanki tarjous<\/p>\n<\/div>\n\t\t\t\t<div class=\"sc_services_item_link sc_item_button\">\n\t\t\t\t\t<a class=\"sc_button_white sc_button_hover_slide_left\" href=\"https:\/\/skyprint.ee\/fi\/services\/valgusreklaam\/\">More info<\/a>\n\t\t\t\t<\/div>\n\t\t\t<\/div>\t\t\t\n\t\t<\/div>\n\t<\/div>\n<\/div><\/div><\/div><!-- \/.sc_services -->[\/vc_column][\/vc_row][vc_row full_width=&#8221;stretch_row_content&#8221; css=&#8221;.vc_custom_1533899971808{padding-top: 80px !important;padding-right: 50px !important;padding-bottom: 40px !important;padding-left: 50px !important;}&#8221;][vc_column width=&#8221;1\/3&#8243;][vc_column_text]<\/p>\n<h5><strong>DIGITAALINEN SUURAKUVATULOSTAMINEN<\/strong><br \/>\n<strong>VALMISTELU, SUUNNITTELU JA ASENNUS<\/strong><\/h5>\n<p>[\/vc_column_text][\/vc_column][vc_column width=&#8221;1\/3&#8243;][vc_column_text]<\/p>\n<h5><strong>UV TULOSTAMINEN ERILAISILLE MATERIAALEILLE (maksimikorkeus 85 mm)<\/strong><br \/>\n<strong>KUVATAPETTI- JA TEKSTIILITULOSTUS<\/strong><\/h5>\n<p>[\/vc_column_text][\/vc_column][vc_column width=&#8221;1\/3&#8243;][vc_column_text]<\/p>\n<h5><strong>OSIEN JYRSINT\u00c4 CNC-KONEELLA<\/strong><br \/>\n<strong>PVC-BANNERIT, K\u00c4YNTIKORTIT, ESITTEET, MAINOSLEHTISI\u00c4<\/strong><\/h5>\n<p>[\/vc_column_text][\/vc_column][\/vc_row][vc_row full_width=&#8221;stretch_row_content&#8221; css=&#8221;.vc_custom_1533899975745{padding-right: 50px !important;padding-bottom: 40px !important;padding-left: 50px !important;}&#8221;][vc_column width=&#8221;1\/3&#8243;][vc_column_text]<\/p>\n<h5><strong>TARRAT PAPERILLE JA TEKSTIILIIN<\/strong><br \/>\n<strong>ERILAISIA KYLTTEJ\u00c4 JA OPASTEITA<\/strong><br \/>\n<strong>VALOMODUULIT JA KIRJAIMET VALAISTUKSELLA<\/strong><\/h5>\n<p>[\/vc_column_text][\/vc_column][vc_column width=&#8221;1\/3&#8243;][vc_column_text]<\/p>\n<h5><strong>AUTON YLITEIPPAUS (full wrap)<\/strong><br \/>\n<strong>ROLL-UP- JA POP-UP-RAKENTEET<\/strong><\/h5>\n<p>[\/vc_column_text][\/vc_column][vc_column width=&#8221;1\/3&#8243;][vc_column_text]<\/p>\n<h5><strong>TER\u00c4SRAKENTEET<\/strong><br \/>\n<strong>REBOARD-TELINEIDEN VALMISTAMINEN<\/strong><br \/>\n<strong>AALTOPAHVIN LEIKKAAMINEN<\/strong><\/h5>\n<p>[\/vc_column_text][\/vc_column][\/vc_row][vc_row full_width=&#8221;stretch_row_content&#8221; css=&#8221;.vc_custom_1533896996669{background-color: #ffffff !important;}&#8221;][vc_column][vc_empty_space height=&#8221;4em&#8221; alter_height=&#8221;none&#8221; hide_on_mobile=&#8221;&#8221;][vc_column_text el_class=&#8221;brands&#8221;]<\/p>\n<div id='gallery-1' class='gallery galleryid-1318 gallery-columns-8 gallery-size-medium'><figure class='gallery-item'>\n\t\t\t<div class='gallery-icon landscape'>\n\t\t\t\t<img width=\"140\" height=\"70\" src=\"https:\/\/skyprint.ee\/wp-content\/uploads\/2018\/08\/minorexlogo.jpg\" class=\"attachment-medium size-medium\" alt=\"\" loading=\"lazy\" \/>\n\t\t\t<\/div><\/figure><figure class='gallery-item'>\n\t\t\t<div class='gallery-icon landscape'>\n\t\t\t\t<img width=\"140\" height=\"70\" src=\"https:\/\/skyprint.ee\/wp-content\/uploads\/2018\/08\/uksedlogo.jpg\" class=\"attachment-medium size-medium\" alt=\"\" loading=\"lazy\" \/>\n\t\t\t<\/div><\/figure><figure class='gallery-item'>\n\t\t\t<div class='gallery-icon landscape'>\n\t\t\t\t<img width=\"150\" height=\"75\" src=\"https:\/\/skyprint.ee\/wp-content\/uploads\/2018\/08\/jupiter-1.png\" class=\"attachment-medium size-medium\" alt=\"\" loading=\"lazy\" \/>\n\t\t\t<\/div><\/figure><figure class='gallery-item'>\n\t\t\t<div class='gallery-icon landscape'>\n\t\t\t\t<img width=\"140\" height=\"70\" src=\"https:\/\/skyprint.ee\/wp-content\/uploads\/2018\/08\/vitaehituslogo.jpg\" class=\"attachment-medium size-medium\" alt=\"\" loading=\"lazy\" \/>\n\t\t\t<\/div><\/figure><figure class='gallery-item'>\n\t\t\t<div class='gallery-icon landscape'>\n\t\t\t\t<img width=\"140\" height=\"70\" src=\"https:\/\/skyprint.ee\/wp-content\/uploads\/2018\/08\/EliitEhitus-1.jpg\" class=\"attachment-medium size-medium\" alt=\"\" loading=\"lazy\" \/>\n\t\t\t<\/div><\/figure><figure class='gallery-item'>\n\t\t\t<div class='gallery-icon landscape'>\n\t\t\t\t<img width=\"120\" height=\"60\" src=\"https:\/\/skyprint.ee\/wp-content\/uploads\/2018\/08\/2-1-e1486056733920.png\" class=\"attachment-medium size-medium\" alt=\"\" loading=\"lazy\" \/>\n\t\t\t<\/div><\/figure><figure class='gallery-item'>\n\t\t\t<div class='gallery-icon landscape'>\n\t\t\t\t<img width=\"140\" height=\"70\" src=\"https:\/\/skyprint.ee\/wp-content\/uploads\/2018\/08\/5.png\" class=\"attachment-medium size-medium\" alt=\"\" loading=\"lazy\" \/>\n\t\t\t<\/div><\/figure><figure class='gallery-item'>\n\t\t\t<div class='gallery-icon landscape'>\n\t\t\t\t<img width=\"160\" height=\"63\" src=\"https:\/\/skyprint.ee\/wp-content\/uploads\/2018\/08\/decardo-1.png\" class=\"attachment-medium size-medium\" alt=\"\" loading=\"lazy\" \/>\n\t\t\t<\/div><\/figure>\n\t\t<\/div>\n\n<p>[\/vc_column_text][vc_empty_space height=&#8221;4em&#8221; alter_height=&#8221;none&#8221; hide_on_mobile=&#8221;&#8221;][\/vc_column][\/vc_row]<\/p>\n","protected":false},"excerpt":{"rendered":"<p>[vc_row full_width=&#8221;stretch_row_content_no_spaces&#8221;][vc_column][\/vc_column][\/vc_row][vc_row full_width=&#8221;stretch_row_content&#8221; css=&#8221;.vc_custom_1533899971808{padding-top: 80px !important;padding-right: 50px !important;padding-bottom: 40px !important;padding-left: 50px !important;}&#8221;][vc_column width=&#8221;1\/3&#8243;][vc_column_text] DIGITAALINEN SUURAKUVATULOSTAMINEN VALMISTELU, SUUNNITTELU JA ASENNUS [\/vc_column_text][\/vc_column][vc_column width=&#8221;1\/3&#8243;][vc_column_text] UV TULOSTAMINEN ERILAISILLE MATERIAALEILLE (maksimikorkeus 85 mm) KUVATAPETTI- JA TEKSTIILITULOSTUS [\/vc_column_text][\/vc_column][vc_column width=&#8221;1\/3&#8243;][vc_column_text] OSIEN JYRSINT\u00c4 CNC-KONEELLA PVC-BANNERIT, K\u00c4YNTIKORTIT, ESITTEET, MAINOSLEHTISI\u00c4 [\/vc_column_text][\/vc_column][\/vc_row][vc_row full_width=&#8221;stretch_row_content&#8221; css=&#8221;.vc_custom_1533899975745{padding-right: 50px !important;padding-bottom: 40px !important;padding-left: 50px !important;}&#8221;][vc_column width=&#8221;1\/3&#8243;][vc_column_text] TARRAT PAPERILLE JA TEKSTIILIIN ERILAISIA KYLTTEJ\u00c4 JA OPASTEITA VALOMODUULIT JA&hellip;<\/p>\n","protected":false},"author":1,"featured_media":0,"parent":0,"menu_order":0,"comment_status":"closed","ping_status":"closed","template":"","meta":[],"_links":{"self":[{"href":"https:\/\/skyprint.ee\/fi\/wp-json\/wp\/v2\/pages\/1291"}],"collection":[{"href":"https:\/\/skyprint.ee\/fi\/wp-json\/wp\/v2\/pages"}],"about":[{"href":"https:\/\/skyprint.ee\/fi\/wp-json\/wp\/v2\/types\/page"}],"author":[{"embeddable":true,"href":"https:\/\/skyprint.ee\/fi\/wp-json\/wp\/v2\/users\/1"}],"replies":[{"embeddable":true,"href":"https:\/\/skyprint.ee\/fi\/wp-json\/wp\/v2\/comments?post=1291"}],"version-history":[{"count":3,"href":"https:\/\/skyprint.ee\/fi\/wp-json\/wp\/v2\/pages\/1291\/revisions"}],"predecessor-version":[{"id":1321,"href":"https:\/\/skyprint.ee\/fi\/wp-json\/wp\/v2\/pages\/1291\/revisions\/1321"}],"wp:attachment":[{"href":"https:\/\/skyprint.ee\/fi\/wp-json\/wp\/v2\/media?parent=1291"}],"curies":[{"name":"wp","href":"https:\/\/api.w.org\/{rel}","templated":true}]}}